{"id":5,"date":"2020-01-13T11:17:52","date_gmt":"2020-01-13T11:17:52","guid":{"rendered":"https:\/\/demosites.io\/web-agency-gb\/?page_id=5"},"modified":"2022-03-29T19:58:08","modified_gmt":"2022-03-29T22:58:08","slug":"15c42-web-agency-gb-home","status":"publish","type":"page","link":"https:\/\/fattoembalagens.com\/","title":{"rendered":"Home"},"content":{"rendered":"\n<div class=\"wp-block-cover alignfull is-light\" style=\"min-height:700px\"><span aria-hidden=\"true\" class=\"has-background-dim-0 wp-block-cover__gradient-background has-background-dim\"><\/span><img loading=\"lazy\" width=\"1366\" height=\"768\" class=\"wp-block-cover__image-background wp-image-109\" alt=\"\" src=\"http:\/\/fattoembalagens.com\/wp-content\/uploads\/2020\/07\/web-design-studio-01.jpg.jpg\" style=\"object-position:50% 64%\" data-object-fit=\"cover\" data-object-position=\"50% 64%\"\/><div class=\"wp-block-cover__inner-container\">\n<div class=\"wp-block-image\"><figure class=\"aligncenter size-large is-resized\"><img loading=\"lazy\" src=\"http:\/\/fattoembalagens.com\/wp-content\/uploads\/2021\/01\/logo_sem_fundo4-1024x419.png\" alt=\"\" class=\"wp-image-43\" width=\"768\" height=\"314\" srcset=\"https:\/\/fattoembalagens.com\/wp-content\/uploads\/2021\/01\/logo_sem_fundo4-1024x419.png 1024w, https:\/\/fattoembalagens.com\/wp-content\/uploads\/2021\/01\/logo_sem_fundo4-300x123.png 300w, https:\/\/fattoembalagens.com\/wp-content\/uploads\/2021\/01\/logo_sem_fundo4-768x314.png 768w, https:\/\/fattoembalagens.com\/wp-content\/uploads\/2021\/01\/logo_sem_fundo4-1536x629.png 1536w, https:\/\/fattoembalagens.com\/wp-content\/uploads\/2021\/01\/logo_sem_fundo4-2048x838.png 2048w, https:\/\/fattoembalagens.com\/wp-content\/uploads\/2021\/01\/logo_sem_fundo4-1568x642.png 1568w\" sizes=\"(max-width: 768px) 100vw, 768px\" \/><\/figure><\/div>\n\n\n\n<p class=\"has-text-align-center has-text-color\" style=\"color:#121212;font-size:17px\">Solu\u00e7\u00f5es pr\u00e1ticas em embalagens<\/p>\n\n\n\n<div class=\"wp-container-1 wp-block-buttons\">\n<div class=\"wp-block-button is-style-primary\"><a class=\"wp-block-button__link\" href=\"#sobrenos\">empresa<\/a><\/div>\n\n\n\n<div class=\"wp-block-button is-style-secondary\"><a class=\"wp-block-button__link\" href=\"#produtos\">produtos<\/a><\/div>\n<\/div>\n<\/div><\/div>\n\n\n\n<div style=\"height:50px\" aria-hidden=\"true\" class=\"wp-block-spacer\"><\/div>\n\n\n\n<hr class=\"wp-block-separator\"\/>\n\n\n\n<div class=\"wp-block-image\"><figure class=\"aligncenter size-large\"><img loading=\"lazy\" width=\"73\" height=\"96\" src=\"http:\/\/fattoembalagens.com\/wp-content\/uploads\/2021\/01\/logo_pequeno.png\" alt=\"\" class=\"wp-image-73\"\/><\/figure><\/div>\n\n\n\n<h2 class=\"has-text-align-center has-large-font-size\" id=\"sobrenos\">Sobre n\u00f3s<\/h2>\n\n\n\n<div class=\"wp-block-columns\">\n<div class=\"wp-block-column\">\n<div class=\"wp-block-image icon-style is-style-rounded\"><figure class=\"aligncenter size-large is-resized\"><img loading=\"lazy\" src=\"https:\/\/fattoembalagens.com\/wp-content\/uploads\/2021\/03\/icone-check-1024x1021.png\" alt=\"\" class=\"wp-image-268\" width=\"100\" height=\"100\" srcset=\"https:\/\/fattoembalagens.com\/wp-content\/uploads\/2021\/03\/icone-check-1024x1021.png 1024w, https:\/\/fattoembalagens.com\/wp-content\/uploads\/2021\/03\/icone-check-300x300.png 300w, https:\/\/fattoembalagens.com\/wp-content\/uploads\/2021\/03\/icone-check-150x150.png 150w, https:\/\/fattoembalagens.com\/wp-content\/uploads\/2021\/03\/icone-check-768x765.png 768w, https:\/\/fattoembalagens.com\/wp-content\/uploads\/2021\/03\/icone-check.png 1486w\" sizes=\"(max-width: 100px) 100vw, 100px\" \/><\/figure><\/div>\n\n\n\n<h3 class=\"has-text-align-center has-neve-text-color-color has-text-color\">Miss\u00e3o<\/h3>\n\n\n\n<p class=\"has-text-align-center\">Fornecer produtos de \u00f3tima qualidade com um atendimento r\u00e1pido e preciso, buscando sempre a satisfa\u00e7\u00e3o de nossos clientes e consumidores<\/p>\n<\/div>\n\n\n\n<div class=\"wp-block-column\">\n<div class=\"wp-block-image icon-style is-style-rounded\"><figure class=\"aligncenter size-large is-resized\"><img loading=\"lazy\" src=\"https:\/\/fattoembalagens.com\/wp-content\/uploads\/2021\/03\/icone-estrutura-1024x1021.png\" alt=\"\" class=\"wp-image-269\" width=\"100\" height=\"100\" srcset=\"https:\/\/fattoembalagens.com\/wp-content\/uploads\/2021\/03\/icone-estrutura-1024x1021.png 1024w, https:\/\/fattoembalagens.com\/wp-content\/uploads\/2021\/03\/icone-estrutura-300x300.png 300w, https:\/\/fattoembalagens.com\/wp-content\/uploads\/2021\/03\/icone-estrutura-150x150.png 150w, https:\/\/fattoembalagens.com\/wp-content\/uploads\/2021\/03\/icone-estrutura-768x765.png 768w, https:\/\/fattoembalagens.com\/wp-content\/uploads\/2021\/03\/icone-estrutura.png 1486w\" sizes=\"(max-width: 100px) 100vw, 100px\" \/><\/figure><\/div>\n\n\n\n<h3 class=\"has-text-align-center has-neve-text-color-color has-text-color\">Estrutura<\/h3>\n\n\n\n<p class=\"has-text-align-center\">Com nossa moderna f\u00e1brica localizada na cidade de Jandira, sempre investindo em equipamentos de \u00faltima gera\u00e7\u00e3o que fazem todo processo de transforma\u00e7\u00e3o de mat\u00e9ria-prima reciclada em um excelente produto final<\/p>\n<\/div>\n\n\n\n<div class=\"wp-block-column\">\n<div class=\"wp-block-image icon-style is-style-rounded\"><figure class=\"aligncenter size-large is-resized\"><img loading=\"lazy\" src=\"https:\/\/fattoembalagens.com\/wp-content\/uploads\/2021\/03\/icone-sustentabilidade-1024x1021.png\" alt=\"\" class=\"wp-image-270\" width=\"100\" height=\"100\" srcset=\"https:\/\/fattoembalagens.com\/wp-content\/uploads\/2021\/03\/icone-sustentabilidade-1024x1021.png 1024w, https:\/\/fattoembalagens.com\/wp-content\/uploads\/2021\/03\/icone-sustentabilidade-300x300.png 300w, https:\/\/fattoembalagens.com\/wp-content\/uploads\/2021\/03\/icone-sustentabilidade-150x150.png 150w, https:\/\/fattoembalagens.com\/wp-content\/uploads\/2021\/03\/icone-sustentabilidade-768x765.png 768w, https:\/\/fattoembalagens.com\/wp-content\/uploads\/2021\/03\/icone-sustentabilidade.png 1486w\" sizes=\"(max-width: 100px) 100vw, 100px\" \/><\/figure><\/div>\n\n\n\n<h3 class=\"has-text-align-center has-neve-text-color-color has-text-color\">Sustentabilidade<\/h3>\n\n\n\n<p class=\"has-text-align-center\">Trabalhamos exclusivamente com materiais 100% recicl\u00e1veis em nosso processo de transforma\u00e7\u00e3o. Assim contribuindo com a sustentabilidade do nosso planeta e cuidando de nossas futuras gera\u00e7\u00f5es<\/p>\n<\/div>\n<\/div>\n\n\n\n<div class=\"wp-container-2 wp-block-buttons\">\n<div class=\"wp-block-button\"><a class=\"wp-block-button__link\" href=\"https:\/\/fattoembalagens.com\/index.php\/empresa\/\">vENHA NOS CONHECER<\/a><\/div>\n<\/div>\n\n\n\n<div style=\"height:50px\" aria-hidden=\"true\" class=\"wp-block-spacer\"><\/div>\n\n\n\n<hr class=\"wp-block-separator\"\/>\n\n\n\n<div class=\"wp-block-image\"><figure class=\"aligncenter size-large\"><img loading=\"lazy\" width=\"73\" height=\"96\" src=\"http:\/\/fattoembalagens.com\/wp-content\/uploads\/2021\/01\/logo_pequeno.png\" alt=\"\" class=\"wp-image-73\"\/><\/figure><\/div>\n\n\n\n<h2 class=\"has-text-align-center has-large-font-size\" id=\"produtos\">Nossos Produtos<\/h2>\n\n\n\n<div class=\"wp-block-columns\">\n<div class=\"wp-block-column\">\n<div class=\"wp-block-image icon-style is-style-rounded\"><figure class=\"aligncenter size-large is-resized\"><img loading=\"lazy\" src=\"http:\/\/fattoembalagens.com\/wp-content\/uploads\/2021\/03\/icone-lixo-1024x1021.png\" alt=\"\" class=\"wp-image-286\" width=\"100\" height=\"100\" srcset=\"https:\/\/fattoembalagens.com\/wp-content\/uploads\/2021\/03\/icone-lixo-1024x1021.png 1024w, https:\/\/fattoembalagens.com\/wp-content\/uploads\/2021\/03\/icone-lixo-300x300.png 300w, https:\/\/fattoembalagens.com\/wp-content\/uploads\/2021\/03\/icone-lixo-150x150.png 150w, https:\/\/fattoembalagens.com\/wp-content\/uploads\/2021\/03\/icone-lixo-768x765.png 768w, https:\/\/fattoembalagens.com\/wp-content\/uploads\/2021\/03\/icone-lixo.png 1486w\" sizes=\"(max-width: 100px) 100vw, 100px\" \/><\/figure><\/div>\n\n\n\n<h3 class=\"has-text-align-center has-neve-text-color-color has-text-color\">Sacos para lixo<\/h3>\n\n\n\n<p class=\"has-text-align-center\">Temos a mais completa linha de sacos para lixo.<br>Fabricamos desde uso dom\u00e9stico at\u00e9 o uso hospitalar.<br>Tamb\u00e9m atendemos a pedidos espec\u00edficos e diferenciados<\/p>\n<\/div>\n\n\n\n<div class=\"wp-block-column\">\n<div class=\"wp-block-image icon-style is-style-rounded\"><figure class=\"aligncenter size-large is-resized\"><img loading=\"lazy\" src=\"http:\/\/fattoembalagens.com\/wp-content\/uploads\/2021\/03\/icone-plastico-1024x1021.png\" alt=\"\" class=\"wp-image-287\" width=\"100\" height=\"100\" srcset=\"https:\/\/fattoembalagens.com\/wp-content\/uploads\/2021\/03\/icone-plastico-1024x1021.png 1024w, https:\/\/fattoembalagens.com\/wp-content\/uploads\/2021\/03\/icone-plastico-300x300.png 300w, https:\/\/fattoembalagens.com\/wp-content\/uploads\/2021\/03\/icone-plastico-150x150.png 150w, https:\/\/fattoembalagens.com\/wp-content\/uploads\/2021\/03\/icone-plastico-768x765.png 768w, https:\/\/fattoembalagens.com\/wp-content\/uploads\/2021\/03\/icone-plastico.png 1486w\" sizes=\"(max-width: 100px) 100vw, 100px\" \/><\/figure><\/div>\n\n\n\n<h3 class=\"has-text-align-center has-neve-text-color-color has-text-color\">Sacolas Pl\u00e1sticas<\/h3>\n\n\n\n<p class=\"has-text-align-center\">Temos sacolas de v\u00e1rias medidas e espessura para atender supermercados e comerciantes<\/p>\n<\/div>\n\n\n\n<div class=\"wp-block-column\">\n<div class=\"wp-block-image icon-style is-style-rounded\"><figure class=\"aligncenter size-large is-resized\"><img loading=\"lazy\" src=\"http:\/\/fattoembalagens.com\/wp-content\/uploads\/2021\/03\/icone-plastico-1024x1021.png\" alt=\"\" class=\"wp-image-287\" width=\"100\" height=\"100\" srcset=\"https:\/\/fattoembalagens.com\/wp-content\/uploads\/2021\/03\/icone-plastico-1024x1021.png 1024w, https:\/\/fattoembalagens.com\/wp-content\/uploads\/2021\/03\/icone-plastico-300x300.png 300w, https:\/\/fattoembalagens.com\/wp-content\/uploads\/2021\/03\/icone-plastico-150x150.png 150w, https:\/\/fattoembalagens.com\/wp-content\/uploads\/2021\/03\/icone-plastico-768x765.png 768w, https:\/\/fattoembalagens.com\/wp-content\/uploads\/2021\/03\/icone-plastico.png 1486w\" sizes=\"(max-width: 100px) 100vw, 100px\" \/><\/figure><\/div>\n\n\n\n<h3 class=\"has-text-align-center has-neve-text-color-color has-text-color\">Lonas Pl\u00e1sticas<\/h3>\n\n\n\n<p class=\"has-text-align-center\">Temos lonas para qualquer tipo de aplica\u00e7\u00e3o que voc\u00ea precisar para proteger qualquer ambiente ou cargas<\/p>\n<\/div>\n<\/div>\n\n\n\n<div class=\"wp-container-3 wp-block-buttons\">\n<div class=\"wp-block-button\"><a class=\"wp-block-button__link\" href=\"https:\/\/fattoembalagens.com\/index.php\/produtos\/\">CONFIRA NOSSOS PRODUTOS<\/a><\/div>\n<\/div>\n\n\n\n<div style=\"height:80px\" aria-hidden=\"true\" class=\"wp-block-spacer\"><\/div>\n\n\n\n<div class=\"wp-block-columns\">\n<div class=\"wp-block-column\">\n<h3>Fa\u00e7a uma visita<\/h3>\n\n\n\n<p>Estrada Velha de Itu, 215<br>Jandira, 06612-250<br>Brasil<\/p>\n<\/div>\n\n\n\n<div class=\"wp-block-column\">\n<h3>Fale conosco<\/h3>\n\n\n\n<p>empresarial@fattoembalagens.com<br>(11) 4619-4846<br>(11) 91162-4106 &#8211; WhatsApp<\/p>\n\n\n\n<p><\/p>\n<\/div>\n<\/div>\n\n\n\n<ul class=\"wp-container-4 wp-block-social-links aligncenter\"><li class=\"wp-social-link wp-social-link-facebook wp-block-social-link\"><a href=\"https:\/\/www.facebook.com\/fattoembalagens\" aria-label=\"Facebook: https:\/\/www.facebook.com\/fattoembalagens\"  class=\"wp-block-social-link-anchor\"> <svg width=\"24\" height=\"24\" viewBox=\"0 0 24 24\" version=\"1.1\" xmlns=\"http:\/\/www.w3.org\/2000\/svg\" role=\"img\" aria-hidden=\"true\" focusable=\"false\"><path d=\"M12 2C6.5 2 2 6.5 2 12c0 5 3.7 9.1 8.4 9.9v-7H7.9V12h2.5V9.8c0-2.5 1.5-3.9 3.8-3.9 1.1 0 2.2.2 2.2.2v2.5h-1.3c-1.2 0-1.6.8-1.6 1.6V12h2.8l-.4 2.9h-2.3v7C18.3 21.1 22 17 22 12c0-5.5-4.5-10-10-10z\"><\/path><\/svg><\/a><\/li>\n\n<li class=\"wp-social-link wp-social-link-instagram wp-block-social-link\"><a href=\"https:\/\/www.instagram.com\/fattoembalagens\/\" aria-label=\"Instagram: https:\/\/www.instagram.com\/fattoembalagens\/\"  class=\"wp-block-social-link-anchor\"> <svg width=\"24\" height=\"24\" viewBox=\"0 0 24 24\" version=\"1.1\" xmlns=\"http:\/\/www.w3.org\/2000\/svg\" role=\"img\" aria-hidden=\"true\" focusable=\"false\"><path d=\"M12,4.622c2.403,0,2.688,0.009,3.637,0.052c0.877,0.04,1.354,0.187,1.671,0.31c0.42,0.163,0.72,0.358,1.035,0.673 c0.315,0.315,0.51,0.615,0.673,1.035c0.123,0.317,0.27,0.794,0.31,1.671c0.043,0.949,0.052,1.234,0.052,3.637 s-0.009,2.688-0.052,3.637c-0.04,0.877-0.187,1.354-0.31,1.671c-0.163,0.42-0.358,0.72-0.673,1.035 c-0.315,0.315-0.615,0.51-1.035,0.673c-0.317,0.123-0.794,0.27-1.671,0.31c-0.949,0.043-1.233,0.052-3.637,0.052 s-2.688-0.009-3.637-0.052c-0.877-0.04-1.354-0.187-1.671-0.31c-0.42-0.163-0.72-0.358-1.035-0.673 c-0.315-0.315-0.51-0.615-0.673-1.035c-0.123-0.317-0.27-0.794-0.31-1.671C4.631,14.688,4.622,14.403,4.622,12 s0.009-2.688,0.052-3.637c0.04-0.877,0.187-1.354,0.31-1.671c0.163-0.42,0.358-0.72,0.673-1.035 c0.315-0.315,0.615-0.51,1.035-0.673c0.317-0.123,0.794-0.27,1.671-0.31C9.312,4.631,9.597,4.622,12,4.622 M12,3 C9.556,3,9.249,3.01,8.289,3.054C7.331,3.098,6.677,3.25,6.105,3.472C5.513,3.702,5.011,4.01,4.511,4.511 c-0.5,0.5-0.808,1.002-1.038,1.594C3.25,6.677,3.098,7.331,3.054,8.289C3.01,9.249,3,9.556,3,12c0,2.444,0.01,2.751,0.054,3.711 c0.044,0.958,0.196,1.612,0.418,2.185c0.23,0.592,0.538,1.094,1.038,1.594c0.5,0.5,1.002,0.808,1.594,1.038 c0.572,0.222,1.227,0.375,2.185,0.418C9.249,20.99,9.556,21,12,21s2.751-0.01,3.711-0.054c0.958-0.044,1.612-0.196,2.185-0.418 c0.592-0.23,1.094-0.538,1.594-1.038c0.5-0.5,0.808-1.002,1.038-1.594c0.222-0.572,0.375-1.227,0.418-2.185 C20.99,14.751,21,14.444,21,12s-0.01-2.751-0.054-3.711c-0.044-0.958-0.196-1.612-0.418-2.185c-0.23-0.592-0.538-1.094-1.038-1.594 c-0.5-0.5-1.002-0.808-1.594-1.038c-0.572-0.222-1.227-0.375-2.185-0.418C14.751,3.01,14.444,3,12,3L12,3z M12,7.378 c-2.552,0-4.622,2.069-4.622,4.622S9.448,16.622,12,16.622s4.622-2.069,4.622-4.622S14.552,7.378,12,7.378z M12,15 c-1.657,0-3-1.343-3-3s1.343-3,3-3s3,1.343,3,3S13.657,15,12,15z M16.804,6.116c-0.596,0-1.08,0.484-1.08,1.08 s0.484,1.08,1.08,1.08c0.596,0,1.08-0.484,1.08-1.08S17.401,6.116,16.804,6.116z\"><\/path><\/svg><\/a><\/li><\/ul>\n\n\n\n<p><\/p>\n","protected":false},"excerpt":{"rendered":"<p>Sobre n\u00f3s Miss\u00e3o Fornecer produtos de \u00f3tima qualidade com um atendimento r\u00e1pido e preciso, buscando sempre a satisfa\u00e7\u00e3o de nossos clientes e consumidores Estrutura Com nossa moderna f\u00e1brica localizada na cidade de Jandira, sempre investindo em equipamentos de \u00faltima gera\u00e7\u00e3o que fazem todo processo de transforma\u00e7\u00e3o de mat\u00e9ria-prima reciclada em um excelente produto final Sustentabilidade&hellip;&nbsp;<a href=\"https:\/\/fattoembalagens.com\/\" class=\"\" rel=\"bookmark\">Read More &raquo;<span class=\"screen-reader-text\">Home<\/span><\/a><\/p>\n","protected":false},"author":1,"featured_media":0,"parent":0,"menu_order":0,"comment_status":"closed","ping_status":"closed","template":"","meta":{"neve_meta_sidebar":"default","neve_meta_container":"default","neve_meta_enable_content_width":"on","neve_meta_content_width":100,"neve_meta_title_alignment":"","neve_meta_author_avatar":"","neve_post_elements_order":"","neve_meta_disable_header":"","neve_meta_disable_footer":"","neve_meta_disable_title":"on","_ti_tpc_template_sync":false,"_ti_tpc_template_id":"cwhkd9lki581rusuhjti"},"_links":{"self":[{"href":"https:\/\/fattoembalagens.com\/index.php\/wp-json\/wp\/v2\/pages\/5"}],"collection":[{"href":"https:\/\/fattoembalagens.com\/index.php\/wp-json\/wp\/v2\/pages"}],"about":[{"href":"https:\/\/fattoembalagens.com\/index.php\/wp-json\/wp\/v2\/types\/page"}],"author":[{"embeddable":true,"href":"https:\/\/fattoembalagens.com\/index.php\/wp-json\/wp\/v2\/users\/1"}],"replies":[{"embeddable":true,"href":"https:\/\/fattoembalagens.com\/index.php\/wp-json\/wp\/v2\/comments?post=5"}],"version-history":[{"count":13,"href":"https:\/\/fattoembalagens.com\/index.php\/wp-json\/wp\/v2\/pages\/5\/revisions"}],"predecessor-version":[{"id":315,"href":"https:\/\/fattoembalagens.com\/index.php\/wp-json\/wp\/v2\/pages\/5\/revisions\/315"}],"wp:attachment":[{"href":"https:\/\/fattoembalagens.com\/index.php\/wp-json\/wp\/v2\/media?parent=5"}],"curies":[{"name":"wp","href":"https:\/\/api.w.org\/{rel}","templated":true}]}}