{"id":232,"date":"2020-01-23T18:21:52","date_gmt":"2020-01-23T18:21:52","guid":{"rendered":"https:\/\/demosites.io\/web-agency-gb\/?page_id=61"},"modified":"2021-03-21T14:54:03","modified_gmt":"2021-03-21T17:54:03","slug":"empresa","status":"publish","type":"page","link":"https:\/\/fattoembalagens.com\/index.php\/empresa\/","title":{"rendered":"A Empresa"},"content":{"rendered":"\n<div class=\"wp-block-cover alignfull has-nv-site-bg-background-color has-background-dim\" style=\"min-height:300px\"><div class=\"wp-block-cover__inner-container\">\n<div class=\"wp-container-1 wp-block-group\"><div class=\"wp-block-group__inner-container\">\n<h1 class=\"has-text-align-left has-neve-text-color-color has-text-color\">A Empresa<\/h1>\n<\/div><\/div>\n<\/div><\/div>\n\n\n\n<div class=\"wp-block-cover alignfull has-nv-light-bg-background-color has-background-dim\" style=\"min-height:600px\"><div class=\"wp-block-cover__inner-container\">\n<div class=\"wp-container-2 wp-block-group\"><div class=\"wp-block-group__inner-container\">\n<div style=\"height:80px\" aria-hidden=\"true\" class=\"wp-block-spacer\"><\/div>\n\n\n\n<div class=\"wp-block-columns are-vertically-aligned-center\">\n<div class=\"wp-block-column is-vertically-aligned-center\" style=\"flex-basis:50%\">\n<figure class=\"wp-block-image size-large is-style-default\"><img loading=\"lazy\" width=\"1024\" height=\"707\" src=\"http:\/\/fattoembalagens.com\/wp-content\/uploads\/2021\/03\/capa2-1024x707.jpg\" alt=\"\" class=\"wp-image-276\" srcset=\"https:\/\/fattoembalagens.com\/wp-content\/uploads\/2021\/03\/capa2-1024x707.jpg 1024w, https:\/\/fattoembalagens.com\/wp-content\/uploads\/2021\/03\/capa2-300x207.jpg 300w, https:\/\/fattoembalagens.com\/wp-content\/uploads\/2021\/03\/capa2-768x530.jpg 768w, https:\/\/fattoembalagens.com\/wp-content\/uploads\/2021\/03\/capa2.jpg 1217w\" sizes=\"(max-width: 1024px) 100vw, 1024px\" \/><\/figure>\n<\/div>\n\n\n\n<div class=\"wp-block-column is-vertically-aligned-center\" style=\"flex-basis:50%\">\n<h2 class=\"has-neve-text-color-color has-text-color\">Nossa hist\u00f3ria<\/h2>\n\n\n\n<p class=\"has-neve-text-color-color has-text-color has-medium-font-size\">A melhor solu\u00e7\u00e3o em embalagens que voc\u00ea pode ter!<\/p>\n\n\n\n<p class=\"has-neve-text-color-color has-text-color\">Localizada na cidade de Jandira, a Fatto Embalagens j\u00e1 est\u00e1 h\u00e1 mais de 10 anos no mercado, sempre colocando produtos de alta qualidade para seus clientes. Fundada por Jos\u00e9 Andr\u00e9 Pereira Boa Sorte com o objetivo de se tornar a Fatto um neg\u00f3cio consolidado na regi\u00e3o.<\/p>\n\n\n\n<p class=\"has-neve-link-color-color has-text-color\">Nossa empresa trabalha com materiais 100% recicl\u00e1veis, sempre pensando na preserva\u00e7\u00e3o do meio ambiente. O processo de transforma\u00e7\u00e3o do material recicl\u00e1vel em mat\u00e9ria-prima at\u00e9 o produto final \u00e9 feito inteiramente dentro de nossas instala\u00e7\u00f5es.<\/p>\n\n\n\n<p class=\"has-neve-link-color-color has-text-color\">Visamos sempre entregar o produto com uma \u00f3tima qualidade e de forma r\u00e1pida, por isso a empresa funciona 24 horas por dia, 7 dias por semana, com uma equipe altamente qualificada.<\/p>\n<\/div>\n<\/div>\n\n\n\n<div style=\"height:40px\" aria-hidden=\"true\" class=\"wp-block-spacer\"><\/div>\n<\/div><\/div>\n<\/div><\/div>\n\n\n\n<p><\/p>\n","protected":false},"excerpt":{"rendered":"","protected":false},"author":1,"featured_media":0,"parent":0,"menu_order":0,"comment_status":"closed","ping_status":"closed","template":"","meta":{"neve_meta_sidebar":"default","neve_meta_container":"default","neve_meta_enable_content_width":"on","neve_meta_content_width":100,"neve_meta_title_alignment":"","neve_meta_author_avatar":"","neve_post_elements_order":"","neve_meta_disable_header":"","neve_meta_disable_footer":"","neve_meta_disable_title":"on","_ti_tpc_template_sync":false,"_ti_tpc_template_id":"0qhau2t6eoekosrgo1a2"},"_links":{"self":[{"href":"https:\/\/fattoembalagens.com\/index.php\/wp-json\/wp\/v2\/pages\/232"}],"collection":[{"href":"https:\/\/fattoembalagens.com\/index.php\/wp-json\/wp\/v2\/pages"}],"about":[{"href":"https:\/\/fattoembalagens.com\/index.php\/wp-json\/wp\/v2\/types\/page"}],"author":[{"embeddable":true,"href":"https:\/\/fattoembalagens.com\/index.php\/wp-json\/wp\/v2\/users\/1"}],"replies":[{"embeddable":true,"href":"https:\/\/fattoembalagens.com\/index.php\/wp-json\/wp\/v2\/comments?post=232"}],"version-history":[{"count":5,"href":"https:\/\/fattoembalagens.com\/index.php\/wp-json\/wp\/v2\/pages\/232\/revisions"}],"predecessor-version":[{"id":277,"href":"https:\/\/fattoembalagens.com\/index.php\/wp-json\/wp\/v2\/pages\/232\/revisions\/277"}],"wp:attachment":[{"href":"https:\/\/fattoembalagens.com\/index.php\/wp-json\/wp\/v2\/media?parent=232"}],"curies":[{"name":"wp","href":"https:\/\/api.w.org\/{rel}","templated":true}]}}